{"id":258,"date":"2017-06-06T06:36:12","date_gmt":"2017-06-06T03:36:12","guid":{"rendered":"http:\/\/motothemes.com\/demos\/part1\/health-care-wordpress-theme\/?page_id=258"},"modified":"2021-01-23T17:43:01","modified_gmt":"2021-01-23T14:43:01","slug":"home","status":"publish","type":"page","link":"https:\/\/saymedmedikal.com\/","title":{"rendered":"Ana Sayfa"},"content":{"rendered":"<p><div class=\"or_row\"><div class=\"or_column   or_col-sm-12\"><div class=\"or-col-container\">\n\t\t\t<!-- START Home Slider REVOLUTION SLIDER 6.3.4 --><p class=\"rs-p-wp-fix\"><\/p>\n\t\t\t<rs-module-wrap id=\"rev_slider_1_1_wrapper\" data-source=\"gallery\" style=\"background:transparent;padding:0;margin:0px auto;margin-top:0;margin-bottom:0;background-image:url(http:\/\/motothemes.com\/demos\/part1\/health-care-wordpress-theme\/wp-content\/uploads\/sites\/16\/2017\/06\/bg-image-3.jpg);background-repeat:no-repeat;background-size:cover;background-position:center center;\">\n\t\t\t\t<rs-module id=\"rev_slider_1_1\" style=\"\" data-version=\"6.3.4\">\n\t\t\t\t\t<rs-slides>\n\t\t\t\t\t\t<rs-slide data-key=\"rs-1\" data-title=\"Slide\" data-duration=\"12000\" data-anim=\"ei:d;eo:d;s:600;r:0;t:fade;sl:d;\">\n\t\t\t\t\t\t\t<img src=\"\/\/saymedmedikal.com\/wp-content\/plugins\/revslider\/public\/assets\/assets\/transparent.png\" alt=\"Slide\" title=\"Ana Sayfa\" class=\"rev-slidebg\" data-no-retina>\n<!--\n\t\t\t\t\t\t\t--><rs-layer\n\t\t\t\t\t\t\t\tid=\"slider-1-slide-1-layer-1\" \n\t\t\t\t\t\t\t\tdata-type=\"image\"\n\t\t\t\t\t\t\t\tdata-rsp_ch=\"on\"\n\t\t\t\t\t\t\t\tdata-xy=\"xo:560px,560px,560px,-1px;yo:23px,23px,23px,215px;\"\n\t\t\t\t\t\t\t\tdata-text=\"l:22;\"\n\t\t\t\t\t\t\t\tdata-dim=\"w:['487px','487px','487px','487px'];h:354px,354px,354px,292px;\"\n\t\t\t\t\t\t\t\tdata-frame_0=\"y:100%;\"\n\t\t\t\t\t\t\t\tdata-frame_0_mask=\"u:t;y:100%;\"\n\t\t\t\t\t\t\t\tdata-frame_1=\"e:power2.inOut;st:1500;sp:2000;sR:1500;\"\n\t\t\t\t\t\t\t\tdata-frame_1_mask=\"u:t;\"\n\t\t\t\t\t\t\t\tdata-frame_999=\"o:0;e:nothing;st:11200;sR:7700;\"\n\t\t\t\t\t\t\t\tstyle=\"z-index:5;\"\n\t\t\t\t\t\t\t><img src=\"\/\/saymedmedikal.com\/wp-content\/uploads\/2021\/01\/fetal_1024x1024@2x.jpg\" width=\"1024\" height=\"744\" data-no-retina> \n\t\t\t\t\t\t\t<\/rs-layer><!--\n\n\t\t\t\t\t\t\t--><rs-layer\n\t\t\t\t\t\t\t\tid=\"slider-1-slide-1-layer-4\" \n\t\t\t\t\t\t\t\tclass=\"Furniture-Title\"\n\t\t\t\t\t\t\t\tdata-type=\"text\"\n\t\t\t\t\t\t\t\tdata-rsp_ch=\"on\"\n\t\t\t\t\t\t\t\tdata-xy=\"xo:56px,56px,56px,24px;yo:90px,90px,90px,11px;\"\n\t\t\t\t\t\t\t\tdata-text=\"w:nowrap;s:23,23,23,19;l:35,35,35,28;ls:4,4,4,3;fw:500;a:center;\"\n\t\t\t\t\t\t\t\tdata-dim=\"w:551,551,551,446;h:215,215,215,204px;\"\n\t\t\t\t\t\t\t\tdata-frame_0=\"y:100%;\"\n\t\t\t\t\t\t\t\tdata-frame_0_mask=\"u:t;y:100%;\"\n\t\t\t\t\t\t\t\tdata-frame_1=\"e:power2.inOut;st:3500;sp:1000;sR:3500;\"\n\t\t\t\t\t\t\t\tdata-frame_1_mask=\"u:t;\"\n\t\t\t\t\t\t\t\tdata-frame_999=\"o:0;e:nothing;st:11200;sR:6700;\"\n\t\t\t\t\t\t\t\tstyle=\"z-index:8;font-family:Raleway;\"\n\t\t\t\t\t\t\t>EKG KA\u011eITLARI<br \/>\nULTRASON KA\u011eITLARI<br \/>\nNST KA\u011eITLARI<br \/>\nRENKL\u0130 PRINTER KA\u011eITLARI<br \/>\nET\u0130KETLER<br \/>\nEKG C\u0130HAZLARI<br \/>\nNST C\u0130HAZLARI  \n\t\t\t\t\t\t\t<\/rs-layer><!--\n-->\t\t\t\t\t\t<\/rs-slide>\n\t\t\t\t\t\t<rs-slide data-key=\"rs-2\" data-title=\"Slide\" data-duration=\"12000\" data-anim=\"ei:d;eo:d;s:600;r:0;t:fade;sl:d;\">\n\t\t\t\t\t\t\t<img src=\"\/\/saymedmedikal.com\/wp-content\/plugins\/revslider\/public\/assets\/assets\/transparent.png\" alt=\"Slide\" title=\"Ana Sayfa\" class=\"rev-slidebg\" data-no-retina>\n<!--\n\t\t\t\t\t\t\t--><rs-layer\n\t\t\t\t\t\t\t\tid=\"slider-1-slide-2-layer-7\" \n\t\t\t\t\t\t\t\tclass=\"Furniture-Title\"\n\t\t\t\t\t\t\t\tdata-type=\"text\"\n\t\t\t\t\t\t\t\tdata-color=\"rgba(0, 0, 0, 1)\"\n\t\t\t\t\t\t\t\tdata-rsp_ch=\"on\"\n\t\t\t\t\t\t\t\tdata-xy=\"xo:276px,276px,276px,38px;yo:434px,434px,434px,218px;\"\n\t\t\t\t\t\t\t\tdata-text=\"s:16,16,16,11;l:16,16,16,11;ls:3px,3px,3px,2px;fw:500;\"\n\t\t\t\t\t\t\t\tdata-frame_0=\"x:-100%;o:1;\"\n\t\t\t\t\t\t\t\tdata-frame_0_mask=\"u:t;\"\n\t\t\t\t\t\t\t\tdata-frame_1=\"x:0,0,0,0px;y:0,0,0,0px;st:4000;sp:1500;sR:4000;\"\n\t\t\t\t\t\t\t\tdata-frame_1_mask=\"u:t;x:0,0,0,0px;y:0,0,0,0px;\"\n\t\t\t\t\t\t\t\tdata-frame_999=\"o:0;e:nothing;st:11200;sR:5700;\"\n\t\t\t\t\t\t\t\tstyle=\"z-index:17;font-family:Raleway;\"\n\t\t\t\t\t\t\t>RENKL\u0130 PRINTER \n\t\t\t\t\t\t\t<\/rs-layer><!--\n\n\t\t\t\t\t\t\t--><rs-layer\n\t\t\t\t\t\t\t\tid=\"slider-1-slide-2-layer-8\" \n\t\t\t\t\t\t\t\tclass=\"Furniture-Title\"\n\t\t\t\t\t\t\t\tdata-type=\"text\"\n\t\t\t\t\t\t\t\tdata-color=\"rgba(0, 0, 0, 1)\"\n\t\t\t\t\t\t\t\tdata-rsp_ch=\"on\"\n\t\t\t\t\t\t\t\tdata-xy=\"xo:275px,275px,275px,47px;yo:329px,329px,329px,165px;\"\n\t\t\t\t\t\t\t\tdata-text=\"s:16,16,16,11;l:16,16,16,11;ls:3px,3px,3px,2px;fw:500;\"\n\t\t\t\t\t\t\t\tdata-dim=\"h:auto,auto,auto,16px;\"\n\t\t\t\t\t\t\t\tdata-frame_0=\"x:-100%;o:1;\"\n\t\t\t\t\t\t\t\tdata-frame_0_mask=\"u:t;\"\n\t\t\t\t\t\t\t\tdata-frame_1=\"x:0,0,0,0px;y:0,0,0,0px;st:2000;sp:1500;sR:2000;\"\n\t\t\t\t\t\t\t\tdata-frame_1_mask=\"u:t;x:0,0,0,0px;y:0,0,0,0px;\"\n\t\t\t\t\t\t\t\tdata-frame_999=\"o:0;e:nothing;st:11200;sR:7700;\"\n\t\t\t\t\t\t\t\tstyle=\"z-index:11;font-family:Raleway;\"\n\t\t\t\t\t\t\t>EKG KA\u011eITLARI\n \n\t\t\t\t\t\t\t<\/rs-layer><!--\n\n\t\t\t\t\t\t\t--><rs-layer\n\t\t\t\t\t\t\t\tid=\"slider-1-slide-2-layer-9\" \n\t\t\t\t\t\t\t\tclass=\"Furniture-Title\"\n\t\t\t\t\t\t\t\tdata-type=\"text\"\n\t\t\t\t\t\t\t\tdata-color=\"rgba(0, 0, 0, 1)\"\n\t\t\t\t\t\t\t\tdata-rsp_ch=\"on\"\n\t\t\t\t\t\t\t\tdata-xy=\"xo:276px,276px,276px,20px;yo:366px,366px,366px,182px;\"\n\t\t\t\t\t\t\t\tdata-text=\"s:16,16,16,11;l:16,16,16,11;ls:3,3,3,2;fw:500;\"\n\t\t\t\t\t\t\t\tdata-dim=\"h:auto,auto,auto,13px;\"\n\t\t\t\t\t\t\t\tdata-frame_0=\"x:-100%;o:1;\"\n\t\t\t\t\t\t\t\tdata-frame_0_mask=\"u:t;\"\n\t\t\t\t\t\t\t\tdata-frame_1=\"st:2500;sp:1500;sR:2500;\"\n\t\t\t\t\t\t\t\tdata-frame_1_mask=\"u:t;\"\n\t\t\t\t\t\t\t\tdata-frame_999=\"o:0;e:nothing;st:11200;sR:7200;\"\n\t\t\t\t\t\t\t\tstyle=\"z-index:12;font-family:Raleway;\"\n\t\t\t\t\t\t\t>ULTRASON KA\u011eITLARI\n \n\t\t\t\t\t\t\t<\/rs-layer><!--\n\n\t\t\t\t\t\t\t--><rs-layer\n\t\t\t\t\t\t\t\tid=\"slider-1-slide-2-layer-10\" \n\t\t\t\t\t\t\t\tclass=\"Furniture-Title\"\n\t\t\t\t\t\t\t\tdata-type=\"text\"\n\t\t\t\t\t\t\t\tdata-color=\"rgba(0, 0, 0, 1)\"\n\t\t\t\t\t\t\t\tdata-rsp_ch=\"on\"\n\t\t\t\t\t\t\t\tdata-xy=\"xo:276px,276px,276px,45px;yo:401px,401px,401px,200px;\"\n\t\t\t\t\t\t\t\tdata-text=\"s:16,16,16,11;l:16,16,16,11;ls:3px,3px,3px,2px;fw:500;\"\n\t\t\t\t\t\t\t\tdata-frame_0=\"x:-100%;o:1;\"\n\t\t\t\t\t\t\t\tdata-frame_0_mask=\"u:t;\"\n\t\t\t\t\t\t\t\tdata-frame_1=\"x:0,0,0,0px;y:0,0,0,0px;st:3000;sp:1500;sR:3000;\"\n\t\t\t\t\t\t\t\tdata-frame_1_mask=\"u:t;x:0,0,0,0px;y:0,0,0,0px;\"\n\t\t\t\t\t\t\t\tdata-frame_999=\"o:0;e:nothing;st:11200;sR:6700;\"\n\t\t\t\t\t\t\t\tstyle=\"z-index:13;font-family:Raleway;\"\n\t\t\t\t\t\t\t>NST KA\u011eITLARI \n\t\t\t\t\t\t\t<\/rs-layer><!--\n\n\t\t\t\t\t\t\t--><rs-layer\n\t\t\t\t\t\t\t\tid=\"slider-1-slide-2-layer-12\" \n\t\t\t\t\t\t\t\tclass=\"Furniture-Title\"\n\t\t\t\t\t\t\t\tdata-type=\"text\"\n\t\t\t\t\t\t\t\tdata-color=\"rgba(0, 0, 0, 1)\"\n\t\t\t\t\t\t\t\tdata-rsp_ch=\"on\"\n\t\t\t\t\t\t\t\tdata-xy=\"xo:276px,276px,276px,57px;yo:477px,477px,477px,252px;\"\n\t\t\t\t\t\t\t\tdata-text=\"s:16,16,16,11;l:16,16,16,11;ls:3px;fw:500;\"\n\t\t\t\t\t\t\t\tdata-frame_0=\"x:-100%;o:1;\"\n\t\t\t\t\t\t\t\tdata-frame_0_mask=\"u:t;\"\n\t\t\t\t\t\t\t\tdata-frame_1=\"st:4500;sp:1500;sR:4500;\"\n\t\t\t\t\t\t\t\tdata-frame_1_mask=\"u:t;\"\n\t\t\t\t\t\t\t\tdata-frame_999=\"o:0;e:nothing;st:11200;sR:5200;\"\n\t\t\t\t\t\t\t\tstyle=\"z-index:15;font-family:Raleway;\"\n\t\t\t\t\t\t\t>ET\u0130KETLER \n\t\t\t\t\t\t\t<\/rs-layer><!--\n\n\t\t\t\t\t\t\t--><rs-layer\n\t\t\t\t\t\t\t\tid=\"slider-1-slide-2-layer-14\" \n\t\t\t\t\t\t\t\tclass=\"Furniture-Title\"\n\t\t\t\t\t\t\t\tdata-type=\"text\"\n\t\t\t\t\t\t\t\tdata-color=\"rgba(0, 0, 0, 1)\"\n\t\t\t\t\t\t\t\tdata-rsp_ch=\"on\"\n\t\t\t\t\t\t\t\tdata-xy=\"xo:277px,277px,277px,61px;yo:454px,454px,454px,236px;\"\n\t\t\t\t\t\t\t\tdata-text=\"s:16,16,16,11;l:16,16,16,11;ls:3px,3px,3px,2px;fw:500;\"\n\t\t\t\t\t\t\t\tdata-frame_0=\"x:-100%;o:1;\"\n\t\t\t\t\t\t\t\tdata-frame_0_mask=\"u:t;\"\n\t\t\t\t\t\t\t\tdata-frame_1=\"x:0,0,0,0px;y:0,0,0,0px;st:4000;sp:1500;sR:4000;\"\n\t\t\t\t\t\t\t\tdata-frame_1_mask=\"u:t;x:0,0,0,0px;y:0,0,0,0px;\"\n\t\t\t\t\t\t\t\tdata-frame_999=\"o:0;e:nothing;st:11200;sR:5700;\"\n\t\t\t\t\t\t\t\tstyle=\"z-index:17;font-family:Raleway;\"\n\t\t\t\t\t\t\t>KA\u011eITLARI \n\t\t\t\t\t\t\t<\/rs-layer><!--\n\n\t\t\t\t\t\t\t--><rs-layer\n\t\t\t\t\t\t\t\tid=\"slider-1-slide-2-layer-15\" \n\t\t\t\t\t\t\t\tclass=\"Furniture-Title\"\n\t\t\t\t\t\t\t\tdata-type=\"text\"\n\t\t\t\t\t\t\t\tdata-color=\"rgba(0, 0, 0, 1)\"\n\t\t\t\t\t\t\t\tdata-rsp_ch=\"on\"\n\t\t\t\t\t\t\t\tdata-xy=\"xo:275px,275px,275px,45px;yo:511px,511px,511px,270px;\"\n\t\t\t\t\t\t\t\tdata-text=\"s:16,16,16,11;l:16,16,16,11;ls:3px,3px,3px,2px;fw:500;\"\n\t\t\t\t\t\t\t\tdata-frame_0=\"x:-100%;o:1;\"\n\t\t\t\t\t\t\t\tdata-frame_0_mask=\"u:t;\"\n\t\t\t\t\t\t\t\tdata-frame_1=\"x:0,0,0,0px;y:0,0,0,0px;st:4500;sp:1500;sR:4500;\"\n\t\t\t\t\t\t\t\tdata-frame_1_mask=\"u:t;x:0,0,0,0px;y:0,0,0,0px;\"\n\t\t\t\t\t\t\t\tdata-frame_999=\"o:0;e:nothing;st:11200;sR:5200;\"\n\t\t\t\t\t\t\t\tstyle=\"z-index:15;font-family:Raleway;\"\n\t\t\t\t\t\t\t>EKG C\u0130HAZLARI \n\t\t\t\t\t\t\t<\/rs-layer><!--\n\n\t\t\t\t\t\t\t--><rs-layer\n\t\t\t\t\t\t\t\tid=\"slider-1-slide-2-layer-16\" \n\t\t\t\t\t\t\t\tdata-type=\"image\"\n\t\t\t\t\t\t\t\tdata-rsp_ch=\"on\"\n\t\t\t\t\t\t\t\tdata-xy=\"x:c;xo:-3px,-3px,-3px,-1px;yo:-3px,-3px,-3px,11px;\"\n\t\t\t\t\t\t\t\tdata-text=\"l:22;\"\n\t\t\t\t\t\t\t\tdata-dim=\"w:820px,820px,820px,469px;h:600px,600px,600px,328px;\"\n\t\t\t\t\t\t\t\tdata-frame_0=\"y:100%;\"\n\t\t\t\t\t\t\t\tdata-frame_0_mask=\"u:t;y:100%;\"\n\t\t\t\t\t\t\t\tdata-frame_1=\"e:power2.inOut;st:300;sp:2000;sR:300;\"\n\t\t\t\t\t\t\t\tdata-frame_1_mask=\"u:t;\"\n\t\t\t\t\t\t\t\tdata-frame_999=\"o:0;e:nothing;st:11200;sR:8900;\"\n\t\t\t\t\t\t\t\tstyle=\"z-index:5;\"\n\t\t\t\t\t\t\t><img src=\"\/\/motothemes.com\/demos\/part1\/health-care\/wp-content\/uploads\/sites\/16\/revslider\/home_slider\/doctor_bg1.png\" data-no-retina> \n\t\t\t\t\t\t\t<\/rs-layer><!--\n\n\t\t\t\t\t\t\t--><rs-layer\n\t\t\t\t\t\t\t\tid=\"slider-1-slide-2-layer-18\" \n\t\t\t\t\t\t\t\tclass=\"Furniture-Title\"\n\t\t\t\t\t\t\t\tdata-type=\"text\"\n\t\t\t\t\t\t\t\tdata-color=\"rgba(0, 0, 0, 1)\"\n\t\t\t\t\t\t\t\tdata-rsp_ch=\"on\"\n\t\t\t\t\t\t\t\tdata-xy=\"xo:273px,273px,273px,43px;yo:546px,546px,546px,287px;\"\n\t\t\t\t\t\t\t\tdata-text=\"s:16,16,16,11;l:16,16,16,11;ls:3px,3px,3px,2px;fw:500;\"\n\t\t\t\t\t\t\t\tdata-frame_0=\"x:-100%;o:1;\"\n\t\t\t\t\t\t\t\tdata-frame_0_mask=\"u:t;\"\n\t\t\t\t\t\t\t\tdata-frame_1=\"x:0,0,0,0px;y:0,0,0,0px;st:4500;sp:1500;sR:4500;\"\n\t\t\t\t\t\t\t\tdata-frame_1_mask=\"u:t;x:0,0,0,0px;y:0,0,0,0px;\"\n\t\t\t\t\t\t\t\tdata-frame_999=\"o:0;e:nothing;st:11200;sR:5200;\"\n\t\t\t\t\t\t\t\tstyle=\"z-index:15;font-family:Raleway;\"\n\t\t\t\t\t\t\t>NST C\u0130HAZLARI  \n\t\t\t\t\t\t\t<\/rs-layer><!--\n-->\t\t\t\t\t\t<\/rs-slide>\n\t\t\t\t\t\t<rs-slide data-key=\"rs-3\" data-title=\"Slide\" data-anim=\"ei:d;eo:d;s:600;r:0;t:fade;sl:d;\">\n\t\t\t\t\t\t\t<img src=\"\/\/saymedmedikal.com\/wp-content\/plugins\/revslider\/public\/assets\/assets\/transparent.png\" alt=\"Slide\" title=\"Ana Sayfa\" class=\"rev-slidebg\" data-no-retina>\n<!--\n\t\t\t\t\t\t\t--><rs-layer\n\t\t\t\t\t\t\t\tid=\"slider-1-slide-3-layer-1\" \n\t\t\t\t\t\t\t\tdata-type=\"image\"\n\t\t\t\t\t\t\t\tdata-rsp_ch=\"on\"\n\t\t\t\t\t\t\t\tdata-xy=\"xo:536px;yo:160px;\"\n\t\t\t\t\t\t\t\tdata-text=\"l:22;\"\n\t\t\t\t\t\t\t\tdata-dim=\"w:['600px','600px','600px','600px'];h:['468px','468px','468px','468px'];\"\n\t\t\t\t\t\t\t\tdata-frame_0=\"y:50px;\"\n\t\t\t\t\t\t\t\tdata-frame_1=\"e:power2.inOut;st:500;sp:1000;sR:500;\"\n\t\t\t\t\t\t\t\tdata-frame_999=\"o:0;e:nothing;st:8200;sR:6700;\"\n\t\t\t\t\t\t\t\tstyle=\"z-index:5;\"\n\t\t\t\t\t\t\t><img src=\"\/\/saymedmedikal.com\/wp-content\/uploads\/2021\/01\/21s-min.png\" width=\"600\" height=\"468\" data-no-retina> \n\t\t\t\t\t\t\t<\/rs-layer><!--\n\n\t\t\t\t\t\t\t--><rs-layer\n\t\t\t\t\t\t\t\tid=\"slider-1-slide-3-layer-3\" \n\t\t\t\t\t\t\t\tclass=\"Furniture-Title\"\n\t\t\t\t\t\t\t\tdata-type=\"text\"\n\t\t\t\t\t\t\t\tdata-rsp_ch=\"on\"\n\t\t\t\t\t\t\t\tdata-xy=\"xo:24px;yo:233px;\"\n\t\t\t\t\t\t\t\tdata-text=\"w:normal;s:16;ls:3px;\"\n\t\t\t\t\t\t\t\tdata-dim=\"w:461px;\"\n\t\t\t\t\t\t\t\tdata-frame_0=\"y:100%;\"\n\t\t\t\t\t\t\t\tdata-frame_0_mask=\"u:t;y:100%;\"\n\t\t\t\t\t\t\t\tdata-frame_1=\"e:power2.inOut;st:2000;sp:2000;sR:2000;\"\n\t\t\t\t\t\t\t\tdata-frame_1_mask=\"u:t;\"\n\t\t\t\t\t\t\t\tdata-frame_999=\"o:0;e:nothing;st:8200;sR:4200;\"\n\t\t\t\t\t\t\t\tstyle=\"z-index:7;font-family:Raleway;\"\n\t\t\t\t\t\t\t>2002 Y\u0131l\u0131nda Kurulan Saymed Medikal Genellikle Kardiyoloji Dal\u0131na A\u011f\u0131rl\u0131k Vererek \u00dcr\u00fcn Skalas\u0131n\u0131 Olu\u015fturdu. Bunun Yan\u0131s\u0131ra K.B.B. , Kad\u0131n Do\u011fum Dallar\u0131nda Da \u00c7al\u0131\u015fmalar Yaparak \u00dcr\u00fcn Skalas\u0131n\u0131 Geni\u015fletti. \n\t\t\t\t\t\t\t<\/rs-layer><!--\n-->\t\t\t\t\t\t<\/rs-slide>\n\t\t\t\t\t<\/rs-slides>\n\t\t\t\t<\/rs-module>\n\t\t\t\t<script type=\"text\/javascript\">\n\t\t\t\t\tsetREVStartSize({c: 'rev_slider_1_1',rl:[1240,1024,778,480],el:[600,768,960,720],gw:[1240,1024,778,480],gh:[600,768,960,720],type:'standard',justify:'',layout:'fullwidth',mh:\"0\"});\n\t\t\t\t\tvar\trevapi1,\n\t\t\t\t\t\ttpj;\n\t\t\t\t\tfunction revinit_revslider11() {\n\t\t\t\t\tjQuery(function() {\n\t\t\t\t\t\ttpj = jQuery;\n\t\t\t\t\t\trevapi1 = tpj(\"#rev_slider_1_1\");\n\t\t\t\t\t\tif(revapi1==undefined || revapi1.revolution == undefined){\n\t\t\t\t\t\t\trevslider_showDoubleJqueryError(\"rev_slider_1_1\");\n\t\t\t\t\t\t}else{\n\t\t\t\t\t\t\trevapi1.revolution({\n\t\t\t\t\t\t\t\tsliderLayout:\"fullwidth\",\n\t\t\t\t\t\t\t\tvisibilityLevels:\"1240,1024,778,480\",\n\t\t\t\t\t\t\t\tgridwidth:\"1240,1024,778,480\",\n\t\t\t\t\t\t\t\tgridheight:\"600,768,960,720\",\n\t\t\t\t\t\t\t\tspinner:\"spinner0\",\n\t\t\t\t\t\t\t\tperspective:600,\n\t\t\t\t\t\t\t\tperspectiveType:\"local\",\n\t\t\t\t\t\t\t\teditorheight:\"600,768,960,720\",\n\t\t\t\t\t\t\t\tresponsiveLevels:\"1240,1024,778,480\",\n\t\t\t\t\t\t\t\tprogressBar:{disableProgressBar:true},\n\t\t\t\t\t\t\t\tnavigation: {\n\t\t\t\t\t\t\t\t\tmouseScrollNavigation:false,\n\t\t\t\t\t\t\t\t\twheelCallDelay:1000,\n\t\t\t\t\t\t\t\t\tonHoverStop:false,\n\t\t\t\t\t\t\t\t\tarrows: {\n\t\t\t\t\t\t\t\t\t\tenable:true,\n\t\t\t\t\t\t\t\t\t\tstyle:\"hesperiden\",\n\t\t\t\t\t\t\t\t\t\thide_onleave:true,\n\t\t\t\t\t\t\t\t\t\tleft: {\n\n\t\t\t\t\t\t\t\t\t\t},\n\t\t\t\t\t\t\t\t\t\tright: {\n\n\t\t\t\t\t\t\t\t\t\t}\n\t\t\t\t\t\t\t\t\t}\n\t\t\t\t\t\t\t\t},\n\t\t\t\t\t\t\t\tfallbacks: {\n\t\t\t\t\t\t\t\t\tallowHTML5AutoPlayOnAndroid:true\n\t\t\t\t\t\t\t\t},\n\t\t\t\t\t\t\t});\n\t\t\t\t\t\t}\n\t\t\t\t\t\t\n\t\t\t\t\t});\n\t\t\t\t\t} \/\/ End of RevInitScript\n\t\t\t\tvar once_revslider11 = false;\n\t\t\t\tif (document.readyState === \"loading\") {document.addEventListener('readystatechange',function() { if((document.readyState === \"interactive\" || document.readyState === \"complete\") && !once_revslider11 ) { once_revslider11 = true; revinit_revslider11();}});} else {once_revslider11 = true; revinit_revslider11();}\n\t\t\t\t<\/script>\n\t\t\t\t<script>\n\t\t\t\t\tvar htmlDivCss = unescape(\"%23rev_slider_1_1_wrapper%20.hesperiden.tparrows%20%7B%0A%09cursor%3Apointer%3B%0A%09background%3Argba%280%2C0%2C0%2C0.5%29%3B%0A%09width%3A40px%3B%0A%09height%3A40px%3B%0A%09position%3Aabsolute%3B%0A%09display%3Ablock%3B%0A%09z-index%3A1000%3B%0A%20%20%20%20border-radius%3A%2050%25%3B%0A%7D%0A%23rev_slider_1_1_wrapper%20.hesperiden.tparrows%3Ahover%20%7B%0A%09background%3A%23000000%3B%0A%7D%0A%23rev_slider_1_1_wrapper%20.hesperiden.tparrows%3Abefore%20%7B%0A%09font-family%3A%20%27revicons%27%3B%0A%09font-size%3A20px%3B%0A%09color%3A%23ffffff%3B%0A%09display%3Ablock%3B%0A%09line-height%3A%2040px%3B%0A%09text-align%3A%20center%3B%0A%7D%0A%23rev_slider_1_1_wrapper%20.hesperiden.tparrows.tp-leftarrow%3Abefore%20%7B%0A%09content%3A%20%27%5Ce82c%27%3B%0A%20%20%20%20margin-left%3A-3px%3B%0A%7D%0A%23rev_slider_1_1_wrapper%20.hesperiden.tparrows.tp-rightarrow%3Abefore%20%7B%0A%09content%3A%20%27%5Ce82d%27%3B%0A%20%20%20%20margin-right%3A-3px%3B%0A%7D%0A\");\n\t\t\t\t\tvar htmlDiv = document.getElementById('rs-plugin-settings-inline-css');\n\t\t\t\t\tif(htmlDiv) {\n\t\t\t\t\t\thtmlDiv.innerHTML = htmlDiv.innerHTML + htmlDivCss;\n\t\t\t\t\t}else{\n\t\t\t\t\t\tvar htmlDiv = document.createElement('div');\n\t\t\t\t\t\thtmlDiv.innerHTML = '<style>' + htmlDivCss + '<\/style>';\n\t\t\t\t\t\tdocument.getElementsByTagName('head')[0].appendChild(htmlDiv.childNodes[0]);\n\t\t\t\t\t}\n\t\t\t\t<\/script>\n\t\t\t\t<script>\n\t\t\t\t\tvar htmlDivCss = unescape(\"%0A%0A%0A\");\n\t\t\t\t\tvar htmlDiv = document.getElementById('rs-plugin-settings-inline-css');\n\t\t\t\t\tif(htmlDiv) {\n\t\t\t\t\t\thtmlDiv.innerHTML = htmlDiv.innerHTML + htmlDivCss;\n\t\t\t\t\t}else{\n\t\t\t\t\t\tvar htmlDiv = document.createElement('div');\n\t\t\t\t\t\thtmlDiv.innerHTML = '<style>' + htmlDivCss + '<\/style>';\n\t\t\t\t\t\tdocument.getElementsByTagName('head')[0].appendChild(htmlDiv.childNodes[0]);\n\t\t\t\t\t}\n\t\t\t\t<\/script>\n\t\t\t<\/rs-module-wrap>\n\t\t\t<!-- END REVOLUTION SLIDER -->\n<\/div><\/div><\/div><div data-or-fullwidth=\"row\" class=\"or_row or-css-963768|background-color: #F4F4F4; padding-top: 20px;\"><div class=\"or_column   or_col-sm-3\"><div class=\"or-col-container\"><div class=\"or_row or_row_inner  or-css-3013049|margin-right: 20px; margin-left: 20px;\"><div style=\"width:29.76189602272727%\" class=\"or_column_inner   or-css-7814061|float: right; padding-top: 50px; padding-left: 40px; or_col-sm-%\"><div class=\"or_wrapper\"><div class=\"or-icon-wrapper\" style=\"text-align: center;\"><i style=\"font-size: 44px;color: #28C9F2;\" class=\" fa-map-marker\"><\/i><\/div><\/div><\/div><div style=\"width:70.23810397727273%\" class=\"or_column_inner   or-css-3571794|text-align: left; or_col-sm-%\"><div class=\"or_wrapper\"><div class=\"or_text_block\"><\/p>\n<h4 style=\"text-align: center;\">Adres<\/h4>\n<p>\n<\/div><div class=\"or_text_block\"><\/p>\n<p style=\"text-align: center;\">Ata\u015fehir \/ \u0130stanbul<\/p>\n<p>\n<\/div><\/div><\/div><\/div><\/div><\/div><div style=\"width:22.714798955613578%\" class=\"or_column    or_col-sm-%\"><div class=\"or-col-container\"><div class=\"or_row or_row_inner  or-css-4001968|padding-right: 20px;\"><div style=\"width:32.53968047337278%\" class=\"or_column_inner   or-css-3783507|padding-left: 40px; float: right; padding-top: 50px; or_col-sm-%\"><div class=\"or_wrapper\"><i style=\"font-size: 44px;color: #28c9f2;\" class=\" fa-phone\"><\/i><\/div><\/div><div style=\"width:67.46031952662722%\" class=\"or_column_inner   or-css-3199825|text-align: left; or_col-sm-%\"><div class=\"or_wrapper\"><div class=\"or_text_block\"><\/p>\n<h4 style=\"text-align: center;\">Cep<\/h4>\n<p>\n<\/div><div class=\"or_text_block\"><\/p>\n<p>0532 266 87 17<\/p>\n<p>\n<\/div><\/div><\/div><\/div><\/div><\/div><div style=\"width:24.999484514435697%\" class=\"or_column    or_col-sm-%\"><div class=\"or-col-container\"><div class=\"or_row or_row_inner  or-css-6171103|padding-bottom: 20px;\"><div style=\"width:29.365077966101694%\" class=\"or_column_inner   or-css-3068447|padding-left: 40px; float: right; padding-top: 50px; or_col-sm-%\"><div class=\"or_wrapper\"><div class=\"or-icon-wrapper\" style=\"text-align: center;\"><i style=\"font-size: 44px;color: #28C9F2;\" class=\" et-envelope or-css-987077|icon: et-envelope;\"><\/i><\/div><\/div><\/div><div style=\"width:70.6349220338983%\" class=\"or_column_inner   or-css-604338|text-align: left; or_col-sm-%\"><div class=\"or_wrapper\"><div class=\"or_text_block\"><\/p>\n<h4 style=\"text-align: center;\">E-Mail<\/h4>\n<p>&nbsp;<\/p>\n<p>\n<\/div><div class=\"or_text_block or-css-519757|animateswitch: yes;\"><\/p>\n<p>saymedturan@gmail.com<\/p>\n<p>\n<\/div><\/div><\/div><\/div><\/div><\/div><div style=\"width:27.285715485564303%\" class=\"or_column    or_col-sm-%\"><div class=\"or-col-container\"><div class=\"or_row or_row_inner\"><div style=\"width:32.539686746987954%\" class=\"or_column_inner   or-css-354309|padding-left: 40px; padding-top: 50px; float: right; or_col-sm-%\"><div class=\"or_wrapper\"><div class=\"or-icon-wrapper\" style=\"text-align: center;\"><i style=\"font-size: 44px;color: #28C9F2;\" class=\" sl-phone or-css-161845|icon: sl-phone;\"><\/i><\/div><\/div><\/div><div style=\"width:67.46031325301205%\" class=\"or_column_inner   or-css-1187672|text-align: left; or_col-sm-%\"><div class=\"or_wrapper\"><div class=\"or_text_block\"><\/p>\n<h4 style=\"text-align: center;\">Telefon<\/h4>\n<p>\n<\/div><div class=\"or_text_block\"><\/p>\n<p style=\"text-align: left;\">0216 466 03 66<\/p>\n<p>\n<\/div><\/div><\/div><\/div><\/div><\/div><\/div><script>or_row_action(true);<\/script><div class=\"or_row\"><div class=\"or_column   or_col-sm-12\"><div class=\"or-col-container\"><div class=\"or_shortcode or_single_image\" style=\"text-align: center;\"><img src=\"https:\/\/saymedmedikal.com\/wp-content\/uploads\/2021\/01\/urunler.jpg\" class=\"\" alt=\"\" \/><\/div><\/div><\/div><\/div><div class=\"or_row\"><div class=\"or_column   or_col-sm-12\"><div class=\"or-col-container\"><div class=\"or_shortcode or_single_image\" style=\"text-align: center;\"><img src=\"https:\/\/saymedmedikal.com\/wp-content\/uploads\/2021\/01\/urunler2.jpg\" class=\"\" alt=\"\" \/><\/div><\/div><\/div><\/div><\/p>\n","protected":false},"excerpt":{"rendered":"","protected":false},"author":2,"featured_media":0,"parent":0,"menu_order":0,"comment_status":"closed","ping_status":"closed","template":"","meta":[],"_links":{"self":[{"href":"https:\/\/saymedmedikal.com\/index.php\/wp-json\/wp\/v2\/pages\/258"}],"collection":[{"href":"https:\/\/saymedmedikal.com\/index.php\/wp-json\/wp\/v2\/pages"}],"about":[{"href":"https:\/\/saymedmedikal.com\/index.php\/wp-json\/wp\/v2\/types\/page"}],"author":[{"embeddable":true,"href":"https:\/\/saymedmedikal.com\/index.php\/wp-json\/wp\/v2\/users\/2"}],"replies":[{"embeddable":true,"href":"https:\/\/saymedmedikal.com\/index.php\/wp-json\/wp\/v2\/comments?post=258"}],"version-history":[{"count":19,"href":"https:\/\/saymedmedikal.com\/index.php\/wp-json\/wp\/v2\/pages\/258\/revisions"}],"predecessor-version":[{"id":398,"href":"https:\/\/saymedmedikal.com\/index.php\/wp-json\/wp\/v2\/pages\/258\/revisions\/398"}],"wp:attachment":[{"href":"https:\/\/saymedmedikal.com\/index.php\/wp-json\/wp\/v2\/media?parent=258"}],"curies":[{"name":"wp","href":"https:\/\/api.w.org\/{rel}","templated":true}]}}