{"id":313,"date":"2021-01-13T10:43:36","date_gmt":"2021-01-13T07:43:36","guid":{"rendered":"https:\/\/saymedmedikal.com\/?page_id=313"},"modified":"2023-02-28T18:23:58","modified_gmt":"2023-02-28T15:23:58","slug":"iletisim","status":"publish","type":"page","link":"https:\/\/saymedmedikal.com\/index.php\/iletisim\/","title":{"rendered":"\u0130leti\u015fim"},"content":{"rendered":"<p><div class=\"or_row\"><div class=\"or_column   or_col-sm-12\"><div class=\"or-col-container\"><div class=\"or_row\"><\/div><div class=\"or_column   or_col-sm-12\"><div class=\"or-col-container\"><\/div><\/div><div class=\"or_text_block\"><\/p>\n<p><strong>Yetkili:<\/strong> TURAN YILMAZ<\/p>\n<p><strong>GSM:<\/strong> 0532 266 87 17<\/p>\n<p><strong>TEL:<\/strong> 0216 466 03 66 &#8211; 0216 466 04 66<\/p>\n<p><strong>ADRES:<\/strong> M\u0130MAR S\u0130NAN MAH. \u00dcSK\u00dcDAR CAD. YEDPA T\u0130CARET MERKEZ\u0130 G CADDES\u0130 NO:142 ATA\u015eEH\u0130R \/ \u0130STANBUL<\/p>\n<p><strong>E-mail:<\/strong><\/p>\n<p>info@saymedmedikal.com<\/p>\n<p>saymedmedikal@gmail.com<\/p>\n<p>turan@saymedmedikal.com<\/p>\n<p>saymedturan@gmail.com<\/p>\n<p>info@saymedmedikal.com.tr<\/p>\n<p>\n<\/div><\/div><\/div><div class=\"or_column   or_col-sm-12\"><div class=\"or-col-container\"><div class=\"or_text_block\"><p><span data-mce-type=\"bookmark\" style=\"display: inline-block; width: 0px; overflow: hidden; line-height: 0;\" class=\"mce_SELRES_start\">\ufeff<\/span><span data-mce-type=\"bookmark\" style=\"display: inline-block; width: 0px; overflow: hidden; line-height: 0;\" class=\"mce_SELRES_end\">\ufeff<\/span><\/p>\n<\/div><\/div><\/div><\/div><div class=\"or_row\"><div class=\"or_column   or_col-sm-12\"><div class=\"or-col-container\"><div class=\"or_google_maps or_shortcode  \"><div id=\"\" style=\"height: 350px\" class=\"or-google-maps\"><iframe src=\"https:\/\/www.google.com\/maps\/embed?pb=!1m14!1m8!1m3!1d96321.76825322068!2d29.1219554!3d41.024047!3m2!1i1024!2i768!4f13.1!3m3!1m2!1s0x14cab110d59138bf%3A0xf7edfc887a2df2f8!2sSaymed%20Medikal!5e0!3m2!1str!2str!4v1677597754174!5m2!1str!2str\" width=\"100%\" height=\"350\" style=\"border:0;\" allowfullscreen=\"\" loading=\"lazy\" referrerpolicy=\"no-referrer-when-downgrade\"><\/iframe><\/div><\/div><\/div><\/div><\/div><\/p>\n","protected":false},"excerpt":{"rendered":"","protected":false},"author":2,"featured_media":0,"parent":0,"menu_order":0,"comment_status":"closed","ping_status":"closed","template":"","meta":[],"_links":{"self":[{"href":"https:\/\/saymedmedikal.com\/index.php\/wp-json\/wp\/v2\/pages\/313"}],"collection":[{"href":"https:\/\/saymedmedikal.com\/index.php\/wp-json\/wp\/v2\/pages"}],"about":[{"href":"https:\/\/saymedmedikal.com\/index.php\/wp-json\/wp\/v2\/types\/page"}],"author":[{"embeddable":true,"href":"https:\/\/saymedmedikal.com\/index.php\/wp-json\/wp\/v2\/users\/2"}],"replies":[{"embeddable":true,"href":"https:\/\/saymedmedikal.com\/index.php\/wp-json\/wp\/v2\/comments?post=313"}],"version-history":[{"count":9,"href":"https:\/\/saymedmedikal.com\/index.php\/wp-json\/wp\/v2\/pages\/313\/revisions"}],"predecessor-version":[{"id":406,"href":"https:\/\/saymedmedikal.com\/index.php\/wp-json\/wp\/v2\/pages\/313\/revisions\/406"}],"wp:attachment":[{"href":"https:\/\/saymedmedikal.com\/index.php\/wp-json\/wp\/v2\/media?parent=313"}],"curies":[{"name":"wp","href":"https:\/\/api.w.org\/{rel}","templated":true}]}}