{"id":359,"date":"2021-01-15T12:39:44","date_gmt":"2021-01-15T09:39:44","guid":{"rendered":"https:\/\/saymedmedikal.com\/?page_id=359"},"modified":"2021-01-23T17:44:24","modified_gmt":"2021-01-23T14:44:24","slug":"hakkimizda","status":"publish","type":"page","link":"https:\/\/saymedmedikal.com\/index.php\/hakkimizda\/","title":{"rendered":"Hakk\u0131m\u0131zda"},"content":{"rendered":"<p><div class=\"or_row\"><div class=\"or_column   or_col-sm-12\"><div class=\"or-col-container\"><div class=\"or_text_block\"><\/p>\n<h4><strong>Saymed Medikal<\/strong><\/h4>\n<h4><strong>2002 Y\u0131l\u0131nda Kurulan Saymed Medikal Genellikle Kardiyoloji Dal\u0131na A\u011f\u0131rl\u0131k Vererek \u00dcr\u00fcn Skalas\u0131n\u0131 Olu\u015fturdu. Bunun Yan\u0131s\u0131ra K.B.B. , Kad\u0131n Do\u011fum Dallar\u0131nda Da \u00c7al\u0131\u015fmalar Yaparak \u00dcr\u00fcn Skalas\u0131n\u0131 Geni\u015fletti.<\/strong><\/h4>\n<h4><strong>Saymed Medikal Genel Olarak \u00c7al\u0131\u015fma Prensiplerini \u00dc\u00e7 Temel Unsura Dayand\u0131rarak Hizmet Vermeye \u00d6zen G\u00f6stermektedir.<\/strong><\/h4>\n<h4><\/h4>\n<h4><strong>1- Verdi\u011fi S\u00f6z\u00fc Tutmak<\/strong><\/h4>\n<h4><strong>2- H\u0131zl\u0131 Hizmet Verebilmek<\/strong><\/h4>\n<h4><strong>3- Kaliteli \u00dcr\u00fcnler Pazara Sunmak (Ce Belgeli)<\/strong><\/h4>\n<h4><\/h4>\n<h4><strong>\u015eu Anda Saymed Medikalin Sat\u0131\u015f M\u00fcd\u00fcrl\u00fc\u011f\u00fcn\u00fc Y\u00fcr\u00fcten\u00a0 \u201cTuran Y\u0131lmaz \u201c Uzun Y\u0131llar \u00c7ok Uluslu \u0130la\u00e7 \u015eirketlerinde \u00dcst D\u00fczey Y\u00f6neticilik Yapm\u0131\u015f,<\/strong><\/h4>\n<h4><strong>\u0130svi\u00e7re , \u0130ngiltere Ve Bel\u00e7ikada Bulunan Genel Merkezlerde Bir\u00e7ok Toplant\u0131lara Ve Konferanslara Kat\u0131larak Avrupai \u00c7al\u0131\u015fma Sistemlerini T\u00fcrk \u0130nsan\u0131yla Entegre Ederek En \u0130yi Y\u00f6ntemin Belirlenmesinde Hat\u0131r\u0131 Say\u0131l\u0131r Katk\u0131larda Bulunmu\u015f Bir \u0130nsan Olarak,<\/strong><\/h4>\n<h4><strong>Saymed Medikalin Gerek Yurt D\u0131\u015f\u0131nda Ve Gerek Yurt \u0130\u00e7indeki \u0130maj\u0131n\u0131 Her Ge\u00e7en G\u00fcn Daha \u0130lerilere Ta\u015f\u0131mak Amac\u0131yla Bir \u00c7ok \u00c7al\u0131\u015fman\u0131n Halen Devam Etti\u011fi Ve Bir\u00e7ok Yabanc\u0131 Firmalarla Temaslar\u0131n \u0130yi Seviyelere Geldi\u011finin Alt\u0131 \u00c7izilmelidir.<\/strong><\/h4>\n<h4><strong>Bu \u00c7al\u0131\u015fmalar Do\u011frultusunda ;<\/strong><\/h4>\n<h4><strong>Yurt \u0130\u00e7inde Sat\u0131\u015f\u0131n\u0131 Yapt\u0131\u011f\u0131m\u0131z Hemen T\u00fcm \u00dcr\u00fcnlerimiz Avrupa Mal\u0131d\u0131r Ve Ce Belgelidir, \u0130ki Y\u0131l Garanti \u0130le Sat\u0131lmaktad\u0131r.<\/strong><\/h4>\n<h4><strong>Bunun Yan\u0131 S\u0131ra Kore Ve \u00c7inden \u0130thal Etti\u011fimiz Baz\u0131 \u00dcr\u00fcnlerinde Ce BelgesiMevcuttur.\u00a0 Bu Cihazlar\u0131m\u0131zda \u0130ki Y\u0131l Garanti \u0130le Sat\u0131lmaktad\u0131r.<\/strong><\/h4>\n<h4><\/h4>\n<p>\n<\/div><\/div><\/div><\/div><div class=\"or_row\"><div class=\"or_column   or_col-sm-12\"><div class=\"or-col-container\"><div class=\"or_shortcode or_single_image\" style=\"text-align: center;\"><img src=\"https:\/\/saymedmedikal.com\/wp-content\/uploads\/2021\/01\/marka-tescil-belgesi-725x1024.jpg\" class=\"\" alt=\"\" \/><\/div><\/div><\/div><\/div><div class=\"or_row\"><div class=\"or_column   or_col-sm-12\"><div class=\"or-col-container\"><div class=\"or_shortcode or_single_image\" style=\"text-align: center;\"><img src=\"https:\/\/saymedmedikal.com\/wp-content\/uploads\/2021\/01\/urunler.jpg\" class=\"\" alt=\"\" \/><\/div><\/div><\/div><\/div><div class=\"or_row\"><div class=\"or_column   or_col-sm-12\"><div class=\"or-col-container\"><div class=\"or_shortcode or_single_image\" style=\"text-align: center;\"><img src=\"https:\/\/saymedmedikal.com\/wp-content\/uploads\/2021\/01\/urunler2.jpg\" class=\"\" alt=\"\" \/><\/div><\/div><\/div><\/div><\/p>\n","protected":false},"excerpt":{"rendered":"","protected":false},"author":2,"featured_media":0,"parent":0,"menu_order":0,"comment_status":"closed","ping_status":"closed","template":"","meta":[],"_links":{"self":[{"href":"https:\/\/saymedmedikal.com\/index.php\/wp-json\/wp\/v2\/pages\/359"}],"collection":[{"href":"https:\/\/saymedmedikal.com\/index.php\/wp-json\/wp\/v2\/pages"}],"about":[{"href":"https:\/\/saymedmedikal.com\/index.php\/wp-json\/wp\/v2\/types\/page"}],"author":[{"embeddable":true,"href":"https:\/\/saymedmedikal.com\/index.php\/wp-json\/wp\/v2\/users\/2"}],"replies":[{"embeddable":true,"href":"https:\/\/saymedmedikal.com\/index.php\/wp-json\/wp\/v2\/comments?post=359"}],"version-history":[{"count":8,"href":"https:\/\/saymedmedikal.com\/index.php\/wp-json\/wp\/v2\/pages\/359\/revisions"}],"predecessor-version":[{"id":399,"href":"https:\/\/saymedmedikal.com\/index.php\/wp-json\/wp\/v2\/pages\/359\/revisions\/399"}],"wp:attachment":[{"href":"https:\/\/saymedmedikal.com\/index.php\/wp-json\/wp\/v2\/media?parent=359"}],"curies":[{"name":"wp","href":"https:\/\/api.w.org\/{rel}","templated":true}]}}